{"id":7293,"date":"2020-08-06T07:41:53","date_gmt":"2020-08-06T07:41:53","guid":{"rendered":"https:\/\/bigshop.al\/?post_type=product&#038;p=7293"},"modified":"2020-08-06T07:41:53","modified_gmt":"2020-08-06T07:41:53","slug":"sistem-monitorimi-alarmi-i-presionit-te-gomave","status":"publish","type":"product","link":"https:\/\/bigshop.al\/index.php\/product\/sistem-monitorimi-alarmi-i-presionit-te-gomave\/","title":{"rendered":"Sistem Monitorimi \/ Alarmi I Presionit te Gomave"},"content":{"rendered":"","protected":false},"excerpt":{"rendered":"<p>Sistem Monitorimi dhe Alarmi I Presionit te Gomave<\/p>\n<p>Ky produkt mund t\u00eb instalohet dhe monitorohet leht\u00ebsisht pasi ekrani do t\u00eb jet\u00eb n\u00eb gjendje t&#8217;ju tregoj\u00eb t\u00eb gjith\u00eb numrat e presionit mbi t\u00eb. Kapak\u00ebt e presionit t\u00eb gomave mund t\u00eb instalohen leht\u00ebsisht thjesht duhet t\u00eb hiqin t\u00eb gjitha kapak\u00ebt e vjet\u00ebr t\u00eb presionit t\u00eb gomave dhe ta instalojn\u00eb at\u00eb q\u00eb korrespondon me etiket\u00ebn. Siguron nj\u00ebkoh\u00ebsisht presionin ose temperatur\u00ebn n\u00eb koh\u00eb reale t\u00eb 4 gomave, dhe siguron drit\u00ebn paralajm\u00ebruese vizuale dhe alarmin t\u00eb d\u00ebgjuesh\u00ebm menj\u00ebher\u00eb kur tejkalohen presionet e gomave ose maksimumet e temperatur\u00ebs.<\/p>\n<ul>\n<li>Frekuenca e funksionimit: 433.92MHz \u00b1 0.015MHz<\/li>\n<li>Tensioni i funksionimit: 2.0 ~ 3.6V<\/li>\n<li>Kapaciteti i integruar i bateris\u00eb: 500mAh<\/li>\n<\/ul>\n<p>&nbsp;<\/p>\n","protected":false},"featured_media":7316,"template":"","meta":[],"product_brand":[],"product_cat":[385,103,401,403],"product_tag":[],"class_list":{"0":"post-7293","1":"product","2":"type-product","3":"status-publish","4":"has-post-thumbnail","6":"product_cat-elektrike","7":"product_cat-makina","8":"product_cat-siguria-2","9":"product_cat-sistem-alarmi","10":"description-off","12":"first","13":"instock","14":"shipping-taxable","15":"purchasable","16":"product-type-simple"},"_links":{"self":[{"href":"https:\/\/bigshop.al\/index.php\/wp-json\/wp\/v2\/product\/7293","targetHints":{"allow":["GET"]}}],"collection":[{"href":"https:\/\/bigshop.al\/index.php\/wp-json\/wp\/v2\/product"}],"about":[{"href":"https:\/\/bigshop.al\/index.php\/wp-json\/wp\/v2\/types\/product"}],"wp:featuredmedia":[{"embeddable":true,"href":"https:\/\/bigshop.al\/index.php\/wp-json\/wp\/v2\/media\/7316"}],"wp:attachment":[{"href":"https:\/\/bigshop.al\/index.php\/wp-json\/wp\/v2\/media?parent=7293"}],"wp:term":[{"taxonomy":"product_brand","embeddable":true,"href":"https:\/\/bigshop.al\/index.php\/wp-json\/wp\/v2\/product_brand?post=7293"},{"taxonomy":"product_cat","embeddable":true,"href":"https:\/\/bigshop.al\/index.php\/wp-json\/wp\/v2\/product_cat?post=7293"},{"taxonomy":"product_tag","embeddable":true,"href":"https:\/\/bigshop.al\/index.php\/wp-json\/wp\/v2\/product_tag?post=7293"}],"curies":[{"name":"wp","href":"https:\/\/api.w.org\/{rel}","templated":true}]}}