{"id":7294,"date":"2020-08-06T07:34:49","date_gmt":"2020-08-06T07:34:49","guid":{"rendered":"https:\/\/bigshop.al\/?post_type=product&#038;p=7294"},"modified":"2020-08-06T07:34:50","modified_gmt":"2020-08-06T07:34:50","slug":"boks-makine","status":"publish","type":"product","link":"https:\/\/bigshop.al\/index.php\/product\/boks-makine\/","title":{"rendered":"Boks Makine"},"content":{"rendered":"","protected":false},"excerpt":{"rendered":"<p>Boks Makine<\/p>\n<ul>\n<li>Ndjeshm\u00ebri t\u00eb lart\u00eb<\/li>\n<li>Rezolucion i lart\u00eb i z\u00ebrit<\/li>\n<li>Magnet me densitet t\u00eb lart\u00eb<\/li>\n<li>Performanc\u00eb t\u00eb fort\u00eb t\u00eb z\u00ebrit<\/li>\n<li>P\u00ebrdorimi i hap\u00ebsir\u00ebs ajrore<\/li>\n<\/ul>\n","protected":false},"featured_media":7312,"template":"","meta":[],"product_brand":[],"product_cat":[373,384,103],"product_tag":[],"class_list":{"0":"post-7294","1":"product","2":"type-product","3":"status-publish","4":"has-post-thumbnail","6":"product_cat-audio","7":"product_cat-bokse-dhe-amplifikator","8":"product_cat-makina","9":"description-off","11":"first","12":"instock","13":"shipping-taxable","14":"purchasable","15":"product-type-simple"},"_links":{"self":[{"href":"https:\/\/bigshop.al\/index.php\/wp-json\/wp\/v2\/product\/7294","targetHints":{"allow":["GET"]}}],"collection":[{"href":"https:\/\/bigshop.al\/index.php\/wp-json\/wp\/v2\/product"}],"about":[{"href":"https:\/\/bigshop.al\/index.php\/wp-json\/wp\/v2\/types\/product"}],"wp:featuredmedia":[{"embeddable":true,"href":"https:\/\/bigshop.al\/index.php\/wp-json\/wp\/v2\/media\/7312"}],"wp:attachment":[{"href":"https:\/\/bigshop.al\/index.php\/wp-json\/wp\/v2\/media?parent=7294"}],"wp:term":[{"taxonomy":"product_brand","embeddable":true,"href":"https:\/\/bigshop.al\/index.php\/wp-json\/wp\/v2\/product_brand?post=7294"},{"taxonomy":"product_cat","embeddable":true,"href":"https:\/\/bigshop.al\/index.php\/wp-json\/wp\/v2\/product_cat?post=7294"},{"taxonomy":"product_tag","embeddable":true,"href":"https:\/\/bigshop.al\/index.php\/wp-json\/wp\/v2\/product_tag?post=7294"}],"curies":[{"name":"wp","href":"https:\/\/api.w.org\/{rel}","templated":true}]}}