{"id":7295,"date":"2020-08-06T07:32:03","date_gmt":"2020-08-06T07:32:03","guid":{"rendered":"https:\/\/bigshop.al\/?post_type=product&#038;p=7295"},"modified":"2020-08-06T07:32:03","modified_gmt":"2020-08-06T07:32:03","slug":"altoparlant-makine","status":"publish","type":"product","link":"https:\/\/bigshop.al\/index.php\/product\/altoparlant-makine\/","title":{"rendered":"Altoparlant Makine"},"content":{"rendered":"","protected":false},"excerpt":{"rendered":"<p>Altoparlant Makine<\/p>\n<p>Nj\u00eb model q\u00eb rrit forc\u00ebn, p\u00ebrmir\u00ebson p\u00ebrgjigjen e basit dhe zvog\u00eblon dridhjet e brendshme dhe shtremb\u00ebrime e tjera. Rrethi i gom\u00ebs i reziston ftohjes dhe ofron mb\u00ebshtetje t\u00eb besueshme q\u00eb e mban muzik\u00ebn tuaj t\u00eb luaj\u00eb, pavar\u00ebsisht gjithckaje.<\/p>\n<ul>\n<li>Materiali: Qeramik<\/li>\n<li>Fuqia maksimale 140W<\/li>\n<li>P\u00ebrgjigja e frekuenc\u00ebs: 110-20,000 Hz<\/li>\n<li>Ndjeshm\u00ebria: 86 dB<\/li>\n<\/ul>\n","protected":false},"featured_media":7308,"template":"","meta":[],"product_brand":[],"product_cat":[373,384,103],"product_tag":[],"class_list":{"0":"post-7295","1":"product","2":"type-product","3":"status-publish","4":"has-post-thumbnail","6":"product_cat-audio","7":"product_cat-bokse-dhe-amplifikator","8":"product_cat-makina","9":"description-off","11":"first","12":"instock","13":"shipping-taxable","14":"purchasable","15":"product-type-simple"},"_links":{"self":[{"href":"https:\/\/bigshop.al\/index.php\/wp-json\/wp\/v2\/product\/7295","targetHints":{"allow":["GET"]}}],"collection":[{"href":"https:\/\/bigshop.al\/index.php\/wp-json\/wp\/v2\/product"}],"about":[{"href":"https:\/\/bigshop.al\/index.php\/wp-json\/wp\/v2\/types\/product"}],"wp:featuredmedia":[{"embeddable":true,"href":"https:\/\/bigshop.al\/index.php\/wp-json\/wp\/v2\/media\/7308"}],"wp:attachment":[{"href":"https:\/\/bigshop.al\/index.php\/wp-json\/wp\/v2\/media?parent=7295"}],"wp:term":[{"taxonomy":"product_brand","embeddable":true,"href":"https:\/\/bigshop.al\/index.php\/wp-json\/wp\/v2\/product_brand?post=7295"},{"taxonomy":"product_cat","embeddable":true,"href":"https:\/\/bigshop.al\/index.php\/wp-json\/wp\/v2\/product_cat?post=7295"},{"taxonomy":"product_tag","embeddable":true,"href":"https:\/\/bigshop.al\/index.php\/wp-json\/wp\/v2\/product_tag?post=7295"}],"curies":[{"name":"wp","href":"https:\/\/api.w.org\/{rel}","templated":true}]}}