{"id":7531,"date":"2020-08-08T11:29:00","date_gmt":"2020-08-08T11:29:00","guid":{"rendered":"https:\/\/bigshop.al\/?post_type=product&#038;p=7531"},"modified":"2020-08-11T11:56:26","modified_gmt":"2020-08-11T11:56:26","slug":"stilues-flokesh-dsp-20133","status":"publish","type":"product","link":"https:\/\/bigshop.al\/index.php\/product\/stilues-flokesh-dsp-20133\/","title":{"rendered":"Stilues Flokesh DSP 20133"},"content":{"rendered":"","protected":false},"excerpt":{"rendered":"<p class=\"post-title\">Stilues Flokesh DSP 20133<\/p>\n<p>Nese me pare kacurrelat ju merrnin shume kohe, ja ku ju sjellim produktin per kacurrela perfekte ne pak kohe. Thjesht ju duhet vet\u00ebm t\u00eb vendosni drejtimin e rrotullimit dhe t\u00eb vendosni flok\u00ebt p\u00ebr t\u00eb krijuar nj\u00eb ka\u00e7urrel t\u00eb p\u00ebrsosur.<\/p>\n<ul>\n<li>Rrotullimi me dy kalime<\/li>\n<li>I thjeshte ne perdorim<\/li>\n<li>Ekrani i madh LED: paraqet temperaturen, drejtim dhe kohe te qarte<\/li>\n<li>Nivelet e temperatures: 150 \u00b0 C, 160 \u00b0 C, 170 \u00b0 C, 180 \u00b0 C, 190 \u00b0 C, 200 \u00b0 C<\/li>\n<\/ul>\n","protected":false},"featured_media":7615,"template":"","meta":[],"product_brand":[],"product_cat":[168,153,172],"product_tag":[],"class_list":{"0":"post-7531","1":"product","2":"type-product","3":"status-publish","4":"has-post-thumbnail","6":"product_cat-floket-stilim","7":"product_cat-kujdesi-personal","8":"product_cat-stilues","9":"description-off","11":"first","12":"instock","13":"shipping-taxable","14":"purchasable","15":"product-type-simple"},"_links":{"self":[{"href":"https:\/\/bigshop.al\/index.php\/wp-json\/wp\/v2\/product\/7531","targetHints":{"allow":["GET"]}}],"collection":[{"href":"https:\/\/bigshop.al\/index.php\/wp-json\/wp\/v2\/product"}],"about":[{"href":"https:\/\/bigshop.al\/index.php\/wp-json\/wp\/v2\/types\/product"}],"wp:featuredmedia":[{"embeddable":true,"href":"https:\/\/bigshop.al\/index.php\/wp-json\/wp\/v2\/media\/7615"}],"wp:attachment":[{"href":"https:\/\/bigshop.al\/index.php\/wp-json\/wp\/v2\/media?parent=7531"}],"wp:term":[{"taxonomy":"product_brand","embeddable":true,"href":"https:\/\/bigshop.al\/index.php\/wp-json\/wp\/v2\/product_brand?post=7531"},{"taxonomy":"product_cat","embeddable":true,"href":"https:\/\/bigshop.al\/index.php\/wp-json\/wp\/v2\/product_cat?post=7531"},{"taxonomy":"product_tag","embeddable":true,"href":"https:\/\/bigshop.al\/index.php\/wp-json\/wp\/v2\/product_tag?post=7531"}],"curies":[{"name":"wp","href":"https:\/\/api.w.org\/{rel}","templated":true}]}}