{"id":7532,"date":"2020-08-08T11:47:25","date_gmt":"2020-08-08T11:47:25","guid":{"rendered":"https:\/\/bigshop.al\/?post_type=product&#038;p=7532"},"modified":"2020-08-11T07:36:27","modified_gmt":"2020-08-11T07:36:27","slug":"makine-qethese-rroje-gemei","status":"publish","type":"product","link":"https:\/\/bigshop.al\/index.php\/product\/makine-qethese-rroje-gemei\/","title":{"rendered":"Makine Qethese \/ Rroje Gemei"},"content":{"rendered":"","protected":false},"excerpt":{"rendered":"<div dir=\"auto\">Makine Qethese dhe Rroje Gemei GM-677<\/div>\n<ul>\n<li>I leht\u00eb dhe kompakt<\/li>\n<li>Krehra t\u00eb z\u00ebvend\u00ebsueshme 3,6,9,12 mm<\/li>\n<li>Fuqia: 50\/60 Hz<\/li>\n<li>Me bateri te karikueshme<\/li>\n<li>Jet\u00ebgjat\u00ebsia e bateris\u00eb 60 min<\/li>\n<li>Koha e karikimit: 8 or\u00eb<\/li>\n<\/ul>\n","protected":false},"featured_media":7570,"template":"","meta":[],"product_brand":[],"product_cat":[153,176,175,174],"product_tag":[],"class_list":{"0":"post-7532","1":"product","2":"type-product","3":"status-publish","4":"has-post-thumbnail","6":"product_cat-kujdesi-personal","7":"product_cat-makina-qethje","8":"product_cat-makina-rroje","9":"product_cat-mjekrra","10":"description-off","12":"first","13":"instock","14":"shipping-taxable","15":"purchasable","16":"product-type-simple"},"_links":{"self":[{"href":"https:\/\/bigshop.al\/index.php\/wp-json\/wp\/v2\/product\/7532","targetHints":{"allow":["GET"]}}],"collection":[{"href":"https:\/\/bigshop.al\/index.php\/wp-json\/wp\/v2\/product"}],"about":[{"href":"https:\/\/bigshop.al\/index.php\/wp-json\/wp\/v2\/types\/product"}],"wp:featuredmedia":[{"embeddable":true,"href":"https:\/\/bigshop.al\/index.php\/wp-json\/wp\/v2\/media\/7570"}],"wp:attachment":[{"href":"https:\/\/bigshop.al\/index.php\/wp-json\/wp\/v2\/media?parent=7532"}],"wp:term":[{"taxonomy":"product_brand","embeddable":true,"href":"https:\/\/bigshop.al\/index.php\/wp-json\/wp\/v2\/product_brand?post=7532"},{"taxonomy":"product_cat","embeddable":true,"href":"https:\/\/bigshop.al\/index.php\/wp-json\/wp\/v2\/product_cat?post=7532"},{"taxonomy":"product_tag","embeddable":true,"href":"https:\/\/bigshop.al\/index.php\/wp-json\/wp\/v2\/product_tag?post=7532"}],"curies":[{"name":"wp","href":"https:\/\/api.w.org\/{rel}","templated":true}]}}