{"id":7545,"date":"2020-08-10T14:08:17","date_gmt":"2020-08-10T14:08:17","guid":{"rendered":"https:\/\/bigshop.al\/?post_type=product&#038;p=7545"},"modified":"2020-08-10T14:08:18","modified_gmt":"2020-08-10T14:08:18","slug":"pastrues-per-fytyren-gemei","status":"publish","type":"product","link":"https:\/\/bigshop.al\/index.php\/product\/pastrues-per-fytyren-gemei\/","title":{"rendered":"Pastrues per Fytyren GEMEI"},"content":{"rendered":"","protected":false},"excerpt":{"rendered":"<p>Pastrues per Fytyren GEMEI<\/p>\n<ul>\n<li>Hiqni pushin e fytyr\u00ebs p\u00ebr nj\u00eb rezultat m\u00eb t\u00eb mir\u00eb make-up.<\/li>\n<li>M\u00ebnyr\u00eb e sigurt dhe e shpejt\u00eb p\u00ebr t\u00eb hequr qimet e fytyres.<\/li>\n<li>Heq leht\u00ebsisht qimet edhe m\u00eb t\u00eb vogla.<\/li>\n<li>E l\u00eb l\u00ebkur\u00ebn t\u00eb but\u00eb<\/li>\n<li>Ideale p\u00ebr t\u00eb gjitha llojet e l\u00ebkur\u00ebs<\/li>\n<li>P\u00ebrdorni n\u00eb buz\u00eb, mjek\u00ebr, faqe.<\/li>\n<li>Tensioni: 220v<\/li>\n<li>Frekuenca: 50 \/ 60HZ<\/li>\n<li>Fuqia: 3W<\/li>\n<\/ul>\n","protected":false},"featured_media":7555,"template":"","meta":[],"product_brand":[],"product_cat":[183,161,181,153,164],"product_tag":[],"class_list":{"0":"post-7545","1":"product","2":"type-product","3":"status-publish","4":"has-post-thumbnail","6":"product_cat-depilatore","7":"product_cat-kujdesi-per-lekuren","8":"product_cat-kujdesi-per-trupin","9":"product_cat-kujdesi-personal","10":"product_cat-pastrues","11":"description-off","13":"first","14":"instock","15":"shipping-taxable","16":"purchasable","17":"product-type-simple"},"_links":{"self":[{"href":"https:\/\/bigshop.al\/index.php\/wp-json\/wp\/v2\/product\/7545","targetHints":{"allow":["GET"]}}],"collection":[{"href":"https:\/\/bigshop.al\/index.php\/wp-json\/wp\/v2\/product"}],"about":[{"href":"https:\/\/bigshop.al\/index.php\/wp-json\/wp\/v2\/types\/product"}],"wp:featuredmedia":[{"embeddable":true,"href":"https:\/\/bigshop.al\/index.php\/wp-json\/wp\/v2\/media\/7555"}],"wp:attachment":[{"href":"https:\/\/bigshop.al\/index.php\/wp-json\/wp\/v2\/media?parent=7545"}],"wp:term":[{"taxonomy":"product_brand","embeddable":true,"href":"https:\/\/bigshop.al\/index.php\/wp-json\/wp\/v2\/product_brand?post=7545"},{"taxonomy":"product_cat","embeddable":true,"href":"https:\/\/bigshop.al\/index.php\/wp-json\/wp\/v2\/product_cat?post=7545"},{"taxonomy":"product_tag","embeddable":true,"href":"https:\/\/bigshop.al\/index.php\/wp-json\/wp\/v2\/product_tag?post=7545"}],"curies":[{"name":"wp","href":"https:\/\/api.w.org\/{rel}","templated":true}]}}