{"id":7548,"date":"2020-08-11T07:48:25","date_gmt":"2020-08-11T07:48:25","guid":{"rendered":"https:\/\/bigshop.al\/?post_type=product&#038;p=7548"},"modified":"2020-08-11T07:48:25","modified_gmt":"2020-08-11T07:48:25","slug":"stilues-per-floket-dsp","status":"publish","type":"product","link":"https:\/\/bigshop.al\/index.php\/product\/stilues-per-floket-dsp\/","title":{"rendered":"Stilues per Floket DSP"},"content":{"rendered":"","protected":false},"excerpt":{"rendered":"<p>Stilues per Floket DSP<\/p>\n<p>Ideale per stilim e perditshem te flokeve tuaj por edhe per raste te vecanta. Tashme skeni pse shpenzoni, ne parukerite apo sallonet bukurie e shtrenjta. Onde te bukura dhe qe bien ne sy vetem me stiluesin DSP.<\/p>\n<ul>\n<li>Fur\u00e7a e stilerit p\u00ebrmban dy nivele t\u00eb nxeht\u00ebsis\u00eb<\/li>\n<li>N\u00eb vendosjen m\u00eb t\u00eb lart\u00eb t\u00eb nxeht\u00ebsis\u00eb, koka e fur\u00e7\u00ebs rrotullohet m\u00eb shpejt<\/li>\n<li>E p\u00ebrshtatshme p\u00ebr stilimin edhe te llojeve t\u00eb flok\u00ebve me te dendur<\/li>\n<li>N\u00eb vendosjen e nxeht\u00ebsis\u00eb m\u00eb t\u00eb ul\u00ebt, koka e fur\u00e7\u00ebs do t\u00eb rrotullohet pak m\u00eb ngadal\u00eb p\u00ebr flok\u00ebt e holl\u00eb.<\/li>\n<\/ul>\n","protected":false},"featured_media":7576,"template":"","meta":[],"product_brand":[],"product_cat":[153],"product_tag":[],"class_list":{"0":"post-7548","1":"product","2":"type-product","3":"status-publish","4":"has-post-thumbnail","6":"product_cat-kujdesi-personal","7":"description-off","9":"first","10":"instock","11":"shipping-taxable","12":"purchasable","13":"product-type-simple"},"_links":{"self":[{"href":"https:\/\/bigshop.al\/index.php\/wp-json\/wp\/v2\/product\/7548","targetHints":{"allow":["GET"]}}],"collection":[{"href":"https:\/\/bigshop.al\/index.php\/wp-json\/wp\/v2\/product"}],"about":[{"href":"https:\/\/bigshop.al\/index.php\/wp-json\/wp\/v2\/types\/product"}],"wp:featuredmedia":[{"embeddable":true,"href":"https:\/\/bigshop.al\/index.php\/wp-json\/wp\/v2\/media\/7576"}],"wp:attachment":[{"href":"https:\/\/bigshop.al\/index.php\/wp-json\/wp\/v2\/media?parent=7548"}],"wp:term":[{"taxonomy":"product_brand","embeddable":true,"href":"https:\/\/bigshop.al\/index.php\/wp-json\/wp\/v2\/product_brand?post=7548"},{"taxonomy":"product_cat","embeddable":true,"href":"https:\/\/bigshop.al\/index.php\/wp-json\/wp\/v2\/product_cat?post=7548"},{"taxonomy":"product_tag","embeddable":true,"href":"https:\/\/bigshop.al\/index.php\/wp-json\/wp\/v2\/product_tag?post=7548"}],"curies":[{"name":"wp","href":"https:\/\/api.w.org\/{rel}","templated":true}]}}