{"id":7658,"date":"2020-08-11T13:19:07","date_gmt":"2020-08-11T13:19:07","guid":{"rendered":"https:\/\/bigshop.al\/?post_type=product&#038;p=7658"},"modified":"2020-08-14T09:23:53","modified_gmt":"2020-08-14T09:23:53","slug":"ngjyra-carioca","status":"publish","type":"product","link":"https:\/\/bigshop.al\/index.php\/product\/ngjyra-carioca\/","title":{"rendered":"Ngjyra Carioca"},"content":{"rendered":"","protected":false},"excerpt":{"rendered":"<p>Ngjyra Carioca<\/p>\n<ul>\n<li>Kuti me 12 tempera t\u00eb ngurta TEMPERELLO<\/li>\n<li>P\u00ebr p\u00ebrdorim n\u00eb let\u00ebr, karton, dru, karton<\/li>\n<li>Ngjyra t\u00eb ndritshme, t\u00eb laj\u00eb, mbulim t\u00eb lart\u00eb, t\u00eb p\u00ebrzier me nj\u00ebri-tjetrin<\/li>\n<li>Pa tret\u00ebs, thahet shpejt pa tundur letr\u00ebn<\/li>\n<li>Nuk k\u00ebrkon boj\u00eb mbrojt\u00ebse<\/li>\n<\/ul>\n","protected":false},"featured_media":7748,"template":"","meta":[],"product_brand":[],"product_cat":[510,244],"product_tag":[],"class_list":{"0":"post-7658","1":"product","2":"type-product","3":"status-publish","4":"has-post-thumbnail","6":"product_cat-kancelari","7":"product_cat-shtepia","8":"description-off","10":"first","11":"instock","12":"shipping-taxable","13":"purchasable","14":"product-type-simple"},"_links":{"self":[{"href":"https:\/\/bigshop.al\/index.php\/wp-json\/wp\/v2\/product\/7658","targetHints":{"allow":["GET"]}}],"collection":[{"href":"https:\/\/bigshop.al\/index.php\/wp-json\/wp\/v2\/product"}],"about":[{"href":"https:\/\/bigshop.al\/index.php\/wp-json\/wp\/v2\/types\/product"}],"wp:featuredmedia":[{"embeddable":true,"href":"https:\/\/bigshop.al\/index.php\/wp-json\/wp\/v2\/media\/7748"}],"wp:attachment":[{"href":"https:\/\/bigshop.al\/index.php\/wp-json\/wp\/v2\/media?parent=7658"}],"wp:term":[{"taxonomy":"product_brand","embeddable":true,"href":"https:\/\/bigshop.al\/index.php\/wp-json\/wp\/v2\/product_brand?post=7658"},{"taxonomy":"product_cat","embeddable":true,"href":"https:\/\/bigshop.al\/index.php\/wp-json\/wp\/v2\/product_cat?post=7658"},{"taxonomy":"product_tag","embeddable":true,"href":"https:\/\/bigshop.al\/index.php\/wp-json\/wp\/v2\/product_tag?post=7658"}],"curies":[{"name":"wp","href":"https:\/\/api.w.org\/{rel}","templated":true}]}}