{"id":7659,"date":"2020-08-11T13:24:24","date_gmt":"2020-08-11T13:24:24","guid":{"rendered":"https:\/\/bigshop.al\/?post_type=product&#038;p=7659"},"modified":"2020-08-14T09:25:51","modified_gmt":"2020-08-14T09:25:51","slug":"bojra-dylli-carioca","status":"publish","type":"product","link":"https:\/\/bigshop.al\/index.php\/product\/bojra-dylli-carioca\/","title":{"rendered":"Bojra Dylli Carioca"},"content":{"rendered":"","protected":false},"excerpt":{"rendered":"<p>Bojra Dylli<\/p>\n<ul>\n<li>24 cope<\/li>\n<li>Kutia prej 24 ngjyrave plastike t\u00eb dyllit<\/li>\n<li>&#8220;Plasticera&#8221; ekstra e past\u00ebr, nuk l\u00eb asnj\u00eb ngjyr\u00eb n\u00eb duar<\/li>\n<li>Zgjat deri n\u00eb tre her\u00eb m\u00eb shum\u00eb se nj\u00eb dylli tradicional<\/li>\n<li>Ngjyra t\u00eb ndritshme p\u00ebr t&#8217;u lar\u00eb<\/li>\n<li>Leht\u00eb p\u00ebr tu mprehur<\/li>\n<\/ul>\n","protected":false},"featured_media":7754,"template":"","meta":[],"product_brand":[],"product_cat":[510,244],"product_tag":[],"class_list":{"0":"post-7659","1":"product","2":"type-product","3":"status-publish","4":"has-post-thumbnail","6":"product_cat-kancelari","7":"product_cat-shtepia","8":"description-off","10":"first","11":"instock","12":"shipping-taxable","13":"purchasable","14":"product-type-simple"},"_links":{"self":[{"href":"https:\/\/bigshop.al\/index.php\/wp-json\/wp\/v2\/product\/7659","targetHints":{"allow":["GET"]}}],"collection":[{"href":"https:\/\/bigshop.al\/index.php\/wp-json\/wp\/v2\/product"}],"about":[{"href":"https:\/\/bigshop.al\/index.php\/wp-json\/wp\/v2\/types\/product"}],"wp:featuredmedia":[{"embeddable":true,"href":"https:\/\/bigshop.al\/index.php\/wp-json\/wp\/v2\/media\/7754"}],"wp:attachment":[{"href":"https:\/\/bigshop.al\/index.php\/wp-json\/wp\/v2\/media?parent=7659"}],"wp:term":[{"taxonomy":"product_brand","embeddable":true,"href":"https:\/\/bigshop.al\/index.php\/wp-json\/wp\/v2\/product_brand?post=7659"},{"taxonomy":"product_cat","embeddable":true,"href":"https:\/\/bigshop.al\/index.php\/wp-json\/wp\/v2\/product_cat?post=7659"},{"taxonomy":"product_tag","embeddable":true,"href":"https:\/\/bigshop.al\/index.php\/wp-json\/wp\/v2\/product_tag?post=7659"}],"curies":[{"name":"wp","href":"https:\/\/api.w.org\/{rel}","templated":true}]}}