{"id":7660,"date":"2020-08-11T13:34:37","date_gmt":"2020-08-11T13:34:37","guid":{"rendered":"https:\/\/bigshop.al\/?post_type=product&#038;p=7660"},"modified":"2020-08-14T09:28:58","modified_gmt":"2020-08-14T09:28:58","slug":"bojra-carioca","status":"publish","type":"product","link":"https:\/\/bigshop.al\/index.php\/product\/bojra-carioca\/","title":{"rendered":"Bojra Carioca"},"content":{"rendered":"","protected":false},"excerpt":{"rendered":"<p>Bojra Carioca<\/p>\n<ul>\n<li>Shishe me vellime 250ml, 500ml, 1000ml<\/li>\n<li>\u00a0Ngjyrat q\u00eb mund t\u00eb p\u00ebrzihen s\u00eb bashku dhe t\u00eb aplikohen n\u00eb t\u00eb gjitha materialet poroze<\/li>\n<li>250ml =&gt; 340L<\/li>\n<li>500ml =&gt; 520L<\/li>\n<li>1000ml =&gt; 630L<\/li>\n<\/ul>\n<p>&nbsp;<\/p>\n","protected":false},"featured_media":7756,"template":"","meta":[],"product_brand":[],"product_cat":[510,244],"product_tag":[],"class_list":{"0":"post-7660","1":"product","2":"type-product","3":"status-publish","4":"has-post-thumbnail","6":"product_cat-kancelari","7":"product_cat-shtepia","8":"description-off","10":"first","11":"instock","12":"shipping-taxable","13":"purchasable","14":"product-type-simple"},"_links":{"self":[{"href":"https:\/\/bigshop.al\/index.php\/wp-json\/wp\/v2\/product\/7660","targetHints":{"allow":["GET"]}}],"collection":[{"href":"https:\/\/bigshop.al\/index.php\/wp-json\/wp\/v2\/product"}],"about":[{"href":"https:\/\/bigshop.al\/index.php\/wp-json\/wp\/v2\/types\/product"}],"wp:featuredmedia":[{"embeddable":true,"href":"https:\/\/bigshop.al\/index.php\/wp-json\/wp\/v2\/media\/7756"}],"wp:attachment":[{"href":"https:\/\/bigshop.al\/index.php\/wp-json\/wp\/v2\/media?parent=7660"}],"wp:term":[{"taxonomy":"product_brand","embeddable":true,"href":"https:\/\/bigshop.al\/index.php\/wp-json\/wp\/v2\/product_brand?post=7660"},{"taxonomy":"product_cat","embeddable":true,"href":"https:\/\/bigshop.al\/index.php\/wp-json\/wp\/v2\/product_cat?post=7660"},{"taxonomy":"product_tag","embeddable":true,"href":"https:\/\/bigshop.al\/index.php\/wp-json\/wp\/v2\/product_tag?post=7660"}],"curies":[{"name":"wp","href":"https:\/\/api.w.org\/{rel}","templated":true}]}}