{"id":7669,"date":"2020-08-12T09:10:25","date_gmt":"2020-08-12T09:10:25","guid":{"rendered":"https:\/\/bigshop.al\/?post_type=product&#038;p=7669"},"modified":"2020-08-14T10:13:21","modified_gmt":"2020-08-14T10:13:21","slug":"bojra-uji","status":"publish","type":"product","link":"https:\/\/bigshop.al\/index.php\/product\/bojra-uji\/","title":{"rendered":"Bojra Uji"},"content":{"rendered":"","protected":false},"excerpt":{"rendered":"<p>Bojra Uji<\/p>\n<ul>\n<li>Seti prej 24 boj\u00ebra uji<\/li>\n<li>Ngjyra t\u00eb shk\u00eblqyera ne tablet.<\/li>\n<li>Leht\u00ebsisht i p\u00ebrzier me nj\u00ebri-tjetrin<\/li>\n<\/ul>\n","protected":false},"featured_media":7768,"template":"","meta":[],"product_brand":[],"product_cat":[510,244],"product_tag":[],"class_list":{"0":"post-7669","1":"product","2":"type-product","3":"status-publish","4":"has-post-thumbnail","6":"product_cat-kancelari","7":"product_cat-shtepia","8":"description-off","10":"first","11":"instock","12":"shipping-taxable","13":"purchasable","14":"product-type-simple"},"_links":{"self":[{"href":"https:\/\/bigshop.al\/index.php\/wp-json\/wp\/v2\/product\/7669","targetHints":{"allow":["GET"]}}],"collection":[{"href":"https:\/\/bigshop.al\/index.php\/wp-json\/wp\/v2\/product"}],"about":[{"href":"https:\/\/bigshop.al\/index.php\/wp-json\/wp\/v2\/types\/product"}],"wp:featuredmedia":[{"embeddable":true,"href":"https:\/\/bigshop.al\/index.php\/wp-json\/wp\/v2\/media\/7768"}],"wp:attachment":[{"href":"https:\/\/bigshop.al\/index.php\/wp-json\/wp\/v2\/media?parent=7669"}],"wp:term":[{"taxonomy":"product_brand","embeddable":true,"href":"https:\/\/bigshop.al\/index.php\/wp-json\/wp\/v2\/product_brand?post=7669"},{"taxonomy":"product_cat","embeddable":true,"href":"https:\/\/bigshop.al\/index.php\/wp-json\/wp\/v2\/product_cat?post=7669"},{"taxonomy":"product_tag","embeddable":true,"href":"https:\/\/bigshop.al\/index.php\/wp-json\/wp\/v2\/product_tag?post=7669"}],"curies":[{"name":"wp","href":"https:\/\/api.w.org\/{rel}","templated":true}]}}