{"id":7687,"date":"2020-08-12T13:34:17","date_gmt":"2020-08-12T13:34:17","guid":{"rendered":"https:\/\/bigshop.al\/?post_type=product&#038;p=7687"},"modified":"2020-08-14T10:21:23","modified_gmt":"2020-08-14T10:21:23","slug":"bojra-tempera","status":"publish","type":"product","link":"https:\/\/bigshop.al\/index.php\/product\/bojra-tempera\/","title":{"rendered":"Bojra Tempera"},"content":{"rendered":"","protected":false},"excerpt":{"rendered":"<p>Bojra Tempera<\/p>\n<ul>\n<li>Seti i 12 tubave me boj\u00eb posteri prej 12 ml<\/li>\n<li>Ngjyrat q\u00eb mund t\u00eb p\u00ebrzihen s\u00eb bashku dhe t\u00eb aplikohen n\u00eb t\u00eb gjitha materialet poroze<\/li>\n<\/ul>\n","protected":false},"featured_media":7776,"template":"","meta":[],"product_brand":[],"product_cat":[510,244],"product_tag":[],"class_list":{"0":"post-7687","1":"product","2":"type-product","3":"status-publish","4":"has-post-thumbnail","6":"product_cat-kancelari","7":"product_cat-shtepia","8":"description-off","10":"first","11":"instock","12":"shipping-taxable","13":"purchasable","14":"product-type-simple"},"_links":{"self":[{"href":"https:\/\/bigshop.al\/index.php\/wp-json\/wp\/v2\/product\/7687","targetHints":{"allow":["GET"]}}],"collection":[{"href":"https:\/\/bigshop.al\/index.php\/wp-json\/wp\/v2\/product"}],"about":[{"href":"https:\/\/bigshop.al\/index.php\/wp-json\/wp\/v2\/types\/product"}],"wp:featuredmedia":[{"embeddable":true,"href":"https:\/\/bigshop.al\/index.php\/wp-json\/wp\/v2\/media\/7776"}],"wp:attachment":[{"href":"https:\/\/bigshop.al\/index.php\/wp-json\/wp\/v2\/media?parent=7687"}],"wp:term":[{"taxonomy":"product_brand","embeddable":true,"href":"https:\/\/bigshop.al\/index.php\/wp-json\/wp\/v2\/product_brand?post=7687"},{"taxonomy":"product_cat","embeddable":true,"href":"https:\/\/bigshop.al\/index.php\/wp-json\/wp\/v2\/product_cat?post=7687"},{"taxonomy":"product_tag","embeddable":true,"href":"https:\/\/bigshop.al\/index.php\/wp-json\/wp\/v2\/product_tag?post=7687"}],"curies":[{"name":"wp","href":"https:\/\/api.w.org\/{rel}","templated":true}]}}