{"id":7695,"date":"2020-08-13T07:09:20","date_gmt":"2020-08-13T07:09:20","guid":{"rendered":"https:\/\/bigshop.al\/?post_type=product&#038;p=7695"},"modified":"2020-08-14T10:33:26","modified_gmt":"2020-08-14T10:33:26","slug":"lapsa-me-ngjyra-carioca-2","status":"publish","type":"product","link":"https:\/\/bigshop.al\/index.php\/product\/lapsa-me-ngjyra-carioca-2\/","title":{"rendered":"Lapsa me Ngjyra Carioca"},"content":{"rendered":"","protected":false},"excerpt":{"rendered":"<p>Lapsa me Ngjyra Carioca<\/p>\n<ul>\n<li>Kuti prej kallaji me 12 lapsa me bojra uji<\/li>\n<li>Efekt me bojra uji duke p\u00ebrdorur uj\u00eb dhe fur\u00e7a<\/li>\n<li>Ngjyra t\u00eb forta<\/li>\n<li>Shkrim i but\u00eb<\/li>\n<\/ul>\n<p>&nbsp;<\/p>\n<p>&nbsp;<\/p>\n","protected":false},"featured_media":7784,"template":"","meta":[],"product_brand":[],"product_cat":[510,244],"product_tag":[],"class_list":{"0":"post-7695","1":"product","2":"type-product","3":"status-publish","4":"has-post-thumbnail","6":"product_cat-kancelari","7":"product_cat-shtepia","8":"description-off","10":"first","11":"instock","12":"shipping-taxable","13":"purchasable","14":"product-type-simple"},"_links":{"self":[{"href":"https:\/\/bigshop.al\/index.php\/wp-json\/wp\/v2\/product\/7695","targetHints":{"allow":["GET"]}}],"collection":[{"href":"https:\/\/bigshop.al\/index.php\/wp-json\/wp\/v2\/product"}],"about":[{"href":"https:\/\/bigshop.al\/index.php\/wp-json\/wp\/v2\/types\/product"}],"wp:featuredmedia":[{"embeddable":true,"href":"https:\/\/bigshop.al\/index.php\/wp-json\/wp\/v2\/media\/7784"}],"wp:attachment":[{"href":"https:\/\/bigshop.al\/index.php\/wp-json\/wp\/v2\/media?parent=7695"}],"wp:term":[{"taxonomy":"product_brand","embeddable":true,"href":"https:\/\/bigshop.al\/index.php\/wp-json\/wp\/v2\/product_brand?post=7695"},{"taxonomy":"product_cat","embeddable":true,"href":"https:\/\/bigshop.al\/index.php\/wp-json\/wp\/v2\/product_cat?post=7695"},{"taxonomy":"product_tag","embeddable":true,"href":"https:\/\/bigshop.al\/index.php\/wp-json\/wp\/v2\/product_tag?post=7695"}],"curies":[{"name":"wp","href":"https:\/\/api.w.org\/{rel}","templated":true}]}}