{"id":7696,"date":"2020-08-13T07:25:05","date_gmt":"2020-08-13T07:25:05","guid":{"rendered":"https:\/\/bigshop.al\/?post_type=product&#038;p=7696"},"modified":"2020-08-14T10:41:27","modified_gmt":"2020-08-14T10:41:27","slug":"art-carioca","status":"publish","type":"product","link":"https:\/\/bigshop.al\/index.php\/product\/art-carioca\/","title":{"rendered":"Art Carioca"},"content":{"rendered":"","protected":false},"excerpt":{"rendered":"<p>Art Carioca<\/p>\n<ul>\n<li>Masa, 1000 g.<\/li>\n<li>I p\u00ebrshtatsh\u00ebm p\u00ebr t\u00eb gjitha llojet e teknikave.<\/li>\n<li>Ngurt\u00ebsohet n\u00eb aj\u00ebr t\u00eb hapur pa e pjekur.<\/li>\n<li>Zbutet leht\u00eb dhe aplikohet p\u00ebrseri per\u00a0 \u00e7do form\u00eb<\/li>\n<li>Objektet e krijuara mund t\u00eb dekorohen me ngjyra uji si tempera ose sh\u00ebnues<\/li>\n<li>P\u00ebr q\u00ebndrueshm\u00ebri m\u00eb t\u00eb madhe dhe shk\u00eblqim t\u00eb ngjyrave, rekomandohet t\u00eb kaloni produktin p\u00ebrfundimtar me llak mbrojt\u00ebs.<\/li>\n<\/ul>\n","protected":false},"featured_media":7792,"template":"","meta":[],"product_brand":[],"product_cat":[510,244],"product_tag":[],"class_list":{"0":"post-7696","1":"product","2":"type-product","3":"status-publish","4":"has-post-thumbnail","6":"product_cat-kancelari","7":"product_cat-shtepia","8":"description-off","10":"first","11":"instock","12":"shipping-taxable","13":"purchasable","14":"product-type-simple"},"_links":{"self":[{"href":"https:\/\/bigshop.al\/index.php\/wp-json\/wp\/v2\/product\/7696","targetHints":{"allow":["GET"]}}],"collection":[{"href":"https:\/\/bigshop.al\/index.php\/wp-json\/wp\/v2\/product"}],"about":[{"href":"https:\/\/bigshop.al\/index.php\/wp-json\/wp\/v2\/types\/product"}],"wp:featuredmedia":[{"embeddable":true,"href":"https:\/\/bigshop.al\/index.php\/wp-json\/wp\/v2\/media\/7792"}],"wp:attachment":[{"href":"https:\/\/bigshop.al\/index.php\/wp-json\/wp\/v2\/media?parent=7696"}],"wp:term":[{"taxonomy":"product_brand","embeddable":true,"href":"https:\/\/bigshop.al\/index.php\/wp-json\/wp\/v2\/product_brand?post=7696"},{"taxonomy":"product_cat","embeddable":true,"href":"https:\/\/bigshop.al\/index.php\/wp-json\/wp\/v2\/product_cat?post=7696"},{"taxonomy":"product_tag","embeddable":true,"href":"https:\/\/bigshop.al\/index.php\/wp-json\/wp\/v2\/product_tag?post=7696"}],"curies":[{"name":"wp","href":"https:\/\/api.w.org\/{rel}","templated":true}]}}