{"id":7706,"date":"2020-08-13T07:33:13","date_gmt":"2020-08-13T07:33:13","guid":{"rendered":"https:\/\/bigshop.al\/?post_type=product&#038;p=7706"},"modified":"2020-08-14T10:44:27","modified_gmt":"2020-08-14T10:44:27","slug":"lapsa-me-ngjyra-carioca-3","status":"publish","type":"product","link":"https:\/\/bigshop.al\/index.php\/product\/lapsa-me-ngjyra-carioca-3\/","title":{"rendered":"Lapsa me Ngjyra Carioca"},"content":{"rendered":"","protected":false},"excerpt":{"rendered":"<p>Lapsa me Ngjyra Carioca<\/p>\n<ul>\n<li>Kutia me 12 Lapsa<\/li>\n<li>Forma e lapsit trek\u00ebnd\u00ebsh<\/li>\n<li>Ngjyra t\u00eb ndritshme dhe shkrim i but\u00eb<\/li>\n<li>Lidhur me plumb t\u00eb sigurt dhe super rezistent \u00d8 4 mm<\/li>\n<li>Nuk prishet kur bie; n\u00eb rastin kur ndodh, nuk do t\u00eb cop\u00ebtohet<\/li>\n<\/ul>\n","protected":false},"featured_media":7796,"template":"","meta":[],"product_brand":[],"product_cat":[510,244],"product_tag":[],"class_list":{"0":"post-7706","1":"product","2":"type-product","3":"status-publish","4":"has-post-thumbnail","6":"product_cat-kancelari","7":"product_cat-shtepia","8":"description-off","10":"first","11":"instock","12":"shipping-taxable","13":"purchasable","14":"product-type-simple"},"_links":{"self":[{"href":"https:\/\/bigshop.al\/index.php\/wp-json\/wp\/v2\/product\/7706","targetHints":{"allow":["GET"]}}],"collection":[{"href":"https:\/\/bigshop.al\/index.php\/wp-json\/wp\/v2\/product"}],"about":[{"href":"https:\/\/bigshop.al\/index.php\/wp-json\/wp\/v2\/types\/product"}],"wp:featuredmedia":[{"embeddable":true,"href":"https:\/\/bigshop.al\/index.php\/wp-json\/wp\/v2\/media\/7796"}],"wp:attachment":[{"href":"https:\/\/bigshop.al\/index.php\/wp-json\/wp\/v2\/media?parent=7706"}],"wp:term":[{"taxonomy":"product_brand","embeddable":true,"href":"https:\/\/bigshop.al\/index.php\/wp-json\/wp\/v2\/product_brand?post=7706"},{"taxonomy":"product_cat","embeddable":true,"href":"https:\/\/bigshop.al\/index.php\/wp-json\/wp\/v2\/product_cat?post=7706"},{"taxonomy":"product_tag","embeddable":true,"href":"https:\/\/bigshop.al\/index.php\/wp-json\/wp\/v2\/product_tag?post=7706"}],"curies":[{"name":"wp","href":"https:\/\/api.w.org\/{rel}","templated":true}]}}