{"id":7713,"date":"2020-08-13T08:29:55","date_gmt":"2020-08-13T08:29:55","guid":{"rendered":"https:\/\/bigshop.al\/?post_type=product&#038;p=7713"},"modified":"2020-08-14T11:22:31","modified_gmt":"2020-08-14T11:22:31","slug":"njgyra-me-arome","status":"publish","type":"product","link":"https:\/\/bigshop.al\/index.php\/product\/njgyra-me-arome\/","title":{"rendered":"Njgyra me Arome"},"content":{"rendered":"","protected":false},"excerpt":{"rendered":"<p>Ngjyra me Arome<\/p>\n<ul>\n<li>Kutia prej 12 lapsa t\u00eb parfumosura me arom\u00eb t\u00eb ndjer\u00eb<\/li>\n<li>Boj\u00eb aromatike<\/li>\n<li>Aromat e p\u00ebrdorura jan\u00eb zgjedhur n\u00eb m\u00ebnyr\u00eb rigoroze p\u00ebr t\u00eb kujtuar thelbin natyror<\/li>\n<li>Nuk p\u00ebrmban substanca alergjike<\/li>\n<\/ul>\n","protected":false},"featured_media":7808,"template":"","meta":[],"product_brand":[],"product_cat":[510,244],"product_tag":[],"class_list":{"0":"post-7713","1":"product","2":"type-product","3":"status-publish","4":"has-post-thumbnail","6":"product_cat-kancelari","7":"product_cat-shtepia","8":"description-off","10":"first","11":"instock","12":"shipping-taxable","13":"purchasable","14":"product-type-simple"},"_links":{"self":[{"href":"https:\/\/bigshop.al\/index.php\/wp-json\/wp\/v2\/product\/7713","targetHints":{"allow":["GET"]}}],"collection":[{"href":"https:\/\/bigshop.al\/index.php\/wp-json\/wp\/v2\/product"}],"about":[{"href":"https:\/\/bigshop.al\/index.php\/wp-json\/wp\/v2\/types\/product"}],"wp:featuredmedia":[{"embeddable":true,"href":"https:\/\/bigshop.al\/index.php\/wp-json\/wp\/v2\/media\/7808"}],"wp:attachment":[{"href":"https:\/\/bigshop.al\/index.php\/wp-json\/wp\/v2\/media?parent=7713"}],"wp:term":[{"taxonomy":"product_brand","embeddable":true,"href":"https:\/\/bigshop.al\/index.php\/wp-json\/wp\/v2\/product_brand?post=7713"},{"taxonomy":"product_cat","embeddable":true,"href":"https:\/\/bigshop.al\/index.php\/wp-json\/wp\/v2\/product_cat?post=7713"},{"taxonomy":"product_tag","embeddable":true,"href":"https:\/\/bigshop.al\/index.php\/wp-json\/wp\/v2\/product_tag?post=7713"}],"curies":[{"name":"wp","href":"https:\/\/api.w.org\/{rel}","templated":true}]}}