{"id":7714,"date":"2020-08-13T08:39:59","date_gmt":"2020-08-13T08:39:59","guid":{"rendered":"https:\/\/bigshop.al\/?post_type=product&#038;p=7714"},"modified":"2020-08-14T11:26:07","modified_gmt":"2020-08-14T11:26:07","slug":"ngjyra-color-change-carioca","status":"publish","type":"product","link":"https:\/\/bigshop.al\/index.php\/product\/ngjyra-color-change-carioca\/","title":{"rendered":"Ngjyra Color Change Carioca"},"content":{"rendered":"","protected":false},"excerpt":{"rendered":"<p>Ngjyra Carioca Magic<\/p>\n<ul>\n<li>Kutia e 10 lapustilave COLOR CHANGE<\/li>\n<li>Boj\u00eb magjike q\u00eb ndryshon n\u00eb ngjyr\u00eb me p\u00ebrdorimin e sh\u00ebnuesit Magink t\u00eb p\u00ebrfshir\u00eb n\u00eb paket\u00eb<\/li>\n<li>Kapak i ventiluar<\/li>\n<li>Maja: 6 mm<\/li>\n<li>9 lapustila me 2 ngjyra te ndryshme secili + 1 Sh\u00ebnuese = 18 ngjyra!<\/li>\n<\/ul>\n","protected":false},"featured_media":7813,"template":"","meta":[],"product_brand":[],"product_cat":[510,244],"product_tag":[],"class_list":{"0":"post-7714","1":"product","2":"type-product","3":"status-publish","4":"has-post-thumbnail","6":"product_cat-kancelari","7":"product_cat-shtepia","8":"description-off","10":"first","11":"instock","12":"shipping-taxable","13":"purchasable","14":"product-type-simple"},"_links":{"self":[{"href":"https:\/\/bigshop.al\/index.php\/wp-json\/wp\/v2\/product\/7714","targetHints":{"allow":["GET"]}}],"collection":[{"href":"https:\/\/bigshop.al\/index.php\/wp-json\/wp\/v2\/product"}],"about":[{"href":"https:\/\/bigshop.al\/index.php\/wp-json\/wp\/v2\/types\/product"}],"wp:featuredmedia":[{"embeddable":true,"href":"https:\/\/bigshop.al\/index.php\/wp-json\/wp\/v2\/media\/7813"}],"wp:attachment":[{"href":"https:\/\/bigshop.al\/index.php\/wp-json\/wp\/v2\/media?parent=7714"}],"wp:term":[{"taxonomy":"product_brand","embeddable":true,"href":"https:\/\/bigshop.al\/index.php\/wp-json\/wp\/v2\/product_brand?post=7714"},{"taxonomy":"product_cat","embeddable":true,"href":"https:\/\/bigshop.al\/index.php\/wp-json\/wp\/v2\/product_cat?post=7714"},{"taxonomy":"product_tag","embeddable":true,"href":"https:\/\/bigshop.al\/index.php\/wp-json\/wp\/v2\/product_tag?post=7714"}],"curies":[{"name":"wp","href":"https:\/\/api.w.org\/{rel}","templated":true}]}}