{"id":7725,"date":"2020-08-13T09:07:34","date_gmt":"2020-08-13T09:07:34","guid":{"rendered":"https:\/\/bigshop.al\/?post_type=product&#038;p=7725"},"modified":"2020-08-14T11:30:42","modified_gmt":"2020-08-14T11:30:42","slug":"plastelina-carioca","status":"publish","type":"product","link":"https:\/\/bigshop.al\/index.php\/product\/plastelina-carioca\/","title":{"rendered":"Plastelina Carioca"},"content":{"rendered":"","protected":false},"excerpt":{"rendered":"<p>Plastelina Carioca<\/p>\n<ul>\n<li>Plastelina 150gr &#8211; 12 pjese<\/li>\n<li>Plastik\u00eb e leht\u00eb p\u00ebr t\u2019u p\u00ebrdorur<\/li>\n<li>Nuk thahet<\/li>\n<li>Nuk tkurret dhe mund t\u00eb p\u00ebrdoret shum\u00eb her\u00eb<\/li>\n<li>Ngjyra brilante dhe t\u00eb p\u00ebrziera dhe pastel<\/li>\n<li>Plot\u00ebsisht pa gluten<\/li>\n<\/ul>\n","protected":false},"featured_media":7824,"template":"","meta":[],"product_brand":[],"product_cat":[510,244],"product_tag":[],"class_list":{"0":"post-7725","1":"product","2":"type-product","3":"status-publish","4":"has-post-thumbnail","6":"product_cat-kancelari","7":"product_cat-shtepia","8":"description-off","10":"first","11":"instock","12":"shipping-taxable","13":"purchasable","14":"product-type-simple"},"_links":{"self":[{"href":"https:\/\/bigshop.al\/index.php\/wp-json\/wp\/v2\/product\/7725","targetHints":{"allow":["GET"]}}],"collection":[{"href":"https:\/\/bigshop.al\/index.php\/wp-json\/wp\/v2\/product"}],"about":[{"href":"https:\/\/bigshop.al\/index.php\/wp-json\/wp\/v2\/types\/product"}],"wp:featuredmedia":[{"embeddable":true,"href":"https:\/\/bigshop.al\/index.php\/wp-json\/wp\/v2\/media\/7824"}],"wp:attachment":[{"href":"https:\/\/bigshop.al\/index.php\/wp-json\/wp\/v2\/media?parent=7725"}],"wp:term":[{"taxonomy":"product_brand","embeddable":true,"href":"https:\/\/bigshop.al\/index.php\/wp-json\/wp\/v2\/product_brand?post=7725"},{"taxonomy":"product_cat","embeddable":true,"href":"https:\/\/bigshop.al\/index.php\/wp-json\/wp\/v2\/product_cat?post=7725"},{"taxonomy":"product_tag","embeddable":true,"href":"https:\/\/bigshop.al\/index.php\/wp-json\/wp\/v2\/product_tag?post=7725"}],"curies":[{"name":"wp","href":"https:\/\/api.w.org\/{rel}","templated":true}]}}