{"id":7738,"date":"2020-08-13T11:55:54","date_gmt":"2020-08-13T11:55:54","guid":{"rendered":"https:\/\/bigshop.al\/?post_type=product&#038;p=7738"},"modified":"2020-08-14T12:30:28","modified_gmt":"2020-08-14T12:30:28","slug":"plastelina-me-forma","status":"publish","type":"product","link":"https:\/\/bigshop.al\/index.php\/product\/plastelina-me-forma\/","title":{"rendered":"Plastelina me forma"},"content":{"rendered":"","protected":false},"excerpt":{"rendered":"<ul>\n<li>Kutia e 6 ngjyrave t\u00eb \u00e7elura.<\/li>\n<li>I p\u00ebrshtatsh\u00ebm nga mosha 12 muajsh.<\/li>\n<li>Projektuar p\u00ebr trajnime per femij\u00eb<\/li>\n<li>Crayons Teddy jan\u00eb b\u00ebr\u00eb p\u00ebr t\u00eb leht\u00ebsuar instiktet e para t\u00eb f\u00ebmij\u00ebve me vizatimin.<\/li>\n<li>Secila ngjyr\u00eb korrespondon me nj\u00eb emocion.<\/li>\n<\/ul>\n","protected":false},"featured_media":7855,"template":"","meta":[],"product_brand":[],"product_cat":[510,244],"product_tag":[],"class_list":{"0":"post-7738","1":"product","2":"type-product","3":"status-publish","4":"has-post-thumbnail","6":"product_cat-kancelari","7":"product_cat-shtepia","8":"description-off","10":"first","11":"instock","12":"shipping-taxable","13":"purchasable","14":"product-type-simple"},"_links":{"self":[{"href":"https:\/\/bigshop.al\/index.php\/wp-json\/wp\/v2\/product\/7738","targetHints":{"allow":["GET"]}}],"collection":[{"href":"https:\/\/bigshop.al\/index.php\/wp-json\/wp\/v2\/product"}],"about":[{"href":"https:\/\/bigshop.al\/index.php\/wp-json\/wp\/v2\/types\/product"}],"wp:featuredmedia":[{"embeddable":true,"href":"https:\/\/bigshop.al\/index.php\/wp-json\/wp\/v2\/media\/7855"}],"wp:attachment":[{"href":"https:\/\/bigshop.al\/index.php\/wp-json\/wp\/v2\/media?parent=7738"}],"wp:term":[{"taxonomy":"product_brand","embeddable":true,"href":"https:\/\/bigshop.al\/index.php\/wp-json\/wp\/v2\/product_brand?post=7738"},{"taxonomy":"product_cat","embeddable":true,"href":"https:\/\/bigshop.al\/index.php\/wp-json\/wp\/v2\/product_cat?post=7738"},{"taxonomy":"product_tag","embeddable":true,"href":"https:\/\/bigshop.al\/index.php\/wp-json\/wp\/v2\/product_tag?post=7738"}],"curies":[{"name":"wp","href":"https:\/\/api.w.org\/{rel}","templated":true}]}}