{"id":7739,"date":"2020-08-13T12:13:46","date_gmt":"2020-08-13T12:13:46","guid":{"rendered":"https:\/\/bigshop.al\/?post_type=product&#038;p=7739"},"modified":"2020-08-15T08:58:01","modified_gmt":"2020-08-15T08:58:01","slug":"ngjyra-druri-carioca","status":"publish","type":"product","link":"https:\/\/bigshop.al\/index.php\/product\/ngjyra-druri-carioca\/","title":{"rendered":"Ngjyra Druri Carioca"},"content":{"rendered":"","protected":false},"excerpt":{"rendered":"<p>Ngjyra Druri Carioca<\/p>\n<ul>\n<li>Kutia e 6 pastelave<\/li>\n<li>I leht\u00eb p\u00ebr t\u2019u mbajtur<\/li>\n<li>I tretsh\u00ebm n\u00eb uj\u00eb n\u00ebse p\u00ebrzihet me uj\u00eb dhe fur\u00e7\u00eb<\/li>\n<li>Sharpener i p\u00ebrfshir\u00eb n\u00eb paket\u00eb<\/li>\n<li>Ngjyra t\u00eb ndritshme<\/li>\n<\/ul>\n","protected":false},"featured_media":7861,"template":"","meta":[],"product_brand":[],"product_cat":[510,244],"product_tag":[],"class_list":{"0":"post-7739","1":"product","2":"type-product","3":"status-publish","4":"has-post-thumbnail","6":"product_cat-kancelari","7":"product_cat-shtepia","8":"description-off","10":"first","11":"instock","12":"shipping-taxable","13":"purchasable","14":"product-type-simple"},"_links":{"self":[{"href":"https:\/\/bigshop.al\/index.php\/wp-json\/wp\/v2\/product\/7739","targetHints":{"allow":["GET"]}}],"collection":[{"href":"https:\/\/bigshop.al\/index.php\/wp-json\/wp\/v2\/product"}],"about":[{"href":"https:\/\/bigshop.al\/index.php\/wp-json\/wp\/v2\/types\/product"}],"wp:featuredmedia":[{"embeddable":true,"href":"https:\/\/bigshop.al\/index.php\/wp-json\/wp\/v2\/media\/7861"}],"wp:attachment":[{"href":"https:\/\/bigshop.al\/index.php\/wp-json\/wp\/v2\/media?parent=7739"}],"wp:term":[{"taxonomy":"product_brand","embeddable":true,"href":"https:\/\/bigshop.al\/index.php\/wp-json\/wp\/v2\/product_brand?post=7739"},{"taxonomy":"product_cat","embeddable":true,"href":"https:\/\/bigshop.al\/index.php\/wp-json\/wp\/v2\/product_cat?post=7739"},{"taxonomy":"product_tag","embeddable":true,"href":"https:\/\/bigshop.al\/index.php\/wp-json\/wp\/v2\/product_tag?post=7739"}],"curies":[{"name":"wp","href":"https:\/\/api.w.org\/{rel}","templated":true}]}}