{"id":7741,"date":"2020-08-14T06:48:37","date_gmt":"2020-08-14T06:48:37","guid":{"rendered":"https:\/\/bigshop.al\/?post_type=product&#038;p=7741"},"modified":"2020-08-15T08:59:31","modified_gmt":"2020-08-15T08:59:31","slug":"stilolapsa-me-rimbushje-carioca","status":"publish","type":"product","link":"https:\/\/bigshop.al\/index.php\/product\/stilolapsa-me-rimbushje-carioca\/","title":{"rendered":"Stilolapsa me Rimbushje Carioca"},"content":{"rendered":"","protected":false},"excerpt":{"rendered":"<p>Stilolapsa me Rimbushje Carioca<\/p>\n<ul>\n<li>Boj\u00eb termosensitive<\/li>\n<li>Gjer\u00ebsia e vij\u00ebs \u00d8 0,7 mm<\/li>\n<li>Ngjyre blu<\/li>\n<li>Rimbushje boje sa ju mbaron<\/li>\n<\/ul>\n","protected":false},"featured_media":7869,"template":"","meta":[],"product_brand":[],"product_cat":[510,244],"product_tag":[],"class_list":{"0":"post-7741","1":"product","2":"type-product","3":"status-publish","4":"has-post-thumbnail","6":"product_cat-kancelari","7":"product_cat-shtepia","8":"description-off","10":"first","11":"instock","12":"shipping-taxable","13":"purchasable","14":"product-type-simple"},"_links":{"self":[{"href":"https:\/\/bigshop.al\/index.php\/wp-json\/wp\/v2\/product\/7741","targetHints":{"allow":["GET"]}}],"collection":[{"href":"https:\/\/bigshop.al\/index.php\/wp-json\/wp\/v2\/product"}],"about":[{"href":"https:\/\/bigshop.al\/index.php\/wp-json\/wp\/v2\/types\/product"}],"wp:featuredmedia":[{"embeddable":true,"href":"https:\/\/bigshop.al\/index.php\/wp-json\/wp\/v2\/media\/7869"}],"wp:attachment":[{"href":"https:\/\/bigshop.al\/index.php\/wp-json\/wp\/v2\/media?parent=7741"}],"wp:term":[{"taxonomy":"product_brand","embeddable":true,"href":"https:\/\/bigshop.al\/index.php\/wp-json\/wp\/v2\/product_brand?post=7741"},{"taxonomy":"product_cat","embeddable":true,"href":"https:\/\/bigshop.al\/index.php\/wp-json\/wp\/v2\/product_cat?post=7741"},{"taxonomy":"product_tag","embeddable":true,"href":"https:\/\/bigshop.al\/index.php\/wp-json\/wp\/v2\/product_tag?post=7741"}],"curies":[{"name":"wp","href":"https:\/\/api.w.org\/{rel}","templated":true}]}}