{"id":7743,"date":"2020-08-14T08:37:52","date_gmt":"2020-08-14T08:37:52","guid":{"rendered":"https:\/\/bigshop.al\/?post_type=product&#038;p=7743"},"modified":"2020-08-14T12:50:13","modified_gmt":"2020-08-14T12:50:13","slug":"stilolapsa-me-disa-ngjyra-carioca","status":"publish","type":"product","link":"https:\/\/bigshop.al\/index.php\/product\/stilolapsa-me-disa-ngjyra-carioca\/","title":{"rendered":"Stilolapsa me disa Ngjyra Carioca"},"content":{"rendered":"","protected":false},"excerpt":{"rendered":"<p>Stilolapsa me disa Ngjyra Carioca<\/p>\n<ul>\n<li>1 stilolaps me 10 ngjyra fluo<\/li>\n<li>10 ngjyra n\u00eb nj\u00eb stilolaps t\u00eb vet\u00ebm<\/li>\n<li>Maja 1 mm<\/li>\n<\/ul>\n","protected":false},"featured_media":7885,"template":"","meta":[],"product_brand":[],"product_cat":[510,244],"product_tag":[],"class_list":{"0":"post-7743","1":"product","2":"type-product","3":"status-publish","4":"has-post-thumbnail","6":"product_cat-kancelari","7":"product_cat-shtepia","8":"description-off","10":"first","11":"instock","12":"shipping-taxable","13":"purchasable","14":"product-type-simple"},"_links":{"self":[{"href":"https:\/\/bigshop.al\/index.php\/wp-json\/wp\/v2\/product\/7743","targetHints":{"allow":["GET"]}}],"collection":[{"href":"https:\/\/bigshop.al\/index.php\/wp-json\/wp\/v2\/product"}],"about":[{"href":"https:\/\/bigshop.al\/index.php\/wp-json\/wp\/v2\/types\/product"}],"wp:featuredmedia":[{"embeddable":true,"href":"https:\/\/bigshop.al\/index.php\/wp-json\/wp\/v2\/media\/7885"}],"wp:attachment":[{"href":"https:\/\/bigshop.al\/index.php\/wp-json\/wp\/v2\/media?parent=7743"}],"wp:term":[{"taxonomy":"product_brand","embeddable":true,"href":"https:\/\/bigshop.al\/index.php\/wp-json\/wp\/v2\/product_brand?post=7743"},{"taxonomy":"product_cat","embeddable":true,"href":"https:\/\/bigshop.al\/index.php\/wp-json\/wp\/v2\/product_cat?post=7743"},{"taxonomy":"product_tag","embeddable":true,"href":"https:\/\/bigshop.al\/index.php\/wp-json\/wp\/v2\/product_tag?post=7743"}],"curies":[{"name":"wp","href":"https:\/\/api.w.org\/{rel}","templated":true}]}}