{"id":7941,"date":"2020-09-02T10:02:18","date_gmt":"2020-09-02T10:02:18","guid":{"rendered":"https:\/\/bigshop.al\/?post_type=product&#038;p=7941"},"modified":"2020-09-02T10:02:19","modified_gmt":"2020-09-02T10:02:19","slug":"kufje-teke-baseus","status":"publish","type":"product","link":"https:\/\/bigshop.al\/index.php\/product\/kufje-teke-baseus\/","title":{"rendered":"Kufje Teke Baseus"},"content":{"rendered":"<p>Kufje Teke Baseus<\/p>\n<p>Rezistente nga djersa apo shiu<\/p>\n<p>IP54 i pap\u00ebrshkuesh\u00ebm nga uji dhe i pap\u00ebrshkuesh\u00ebm nga pluhuri,<\/p>\n<p>Cil\u00ebsi e vazhdueshme premium e z\u00ebrit<br \/>\nE rehatshme p\u00ebr veshjen edhe ne koh\u00eb t\u00eb gjat\u00eb, veshja standarde e sfungjerit zvog\u00eblon f\u00ebrkimin midis kufjeve dhe kanalit t\u00eb veshit, duke e b\u00ebr\u00eb at\u00eb m\u00eb t\u00eb rehatsh\u00ebm n\u00ebse vishet p\u00ebr nj\u00eb koh\u00eb t\u00eb gjat\u00eb.<\/p>\n<p>Pritja afatgjat\u00eb kursen karikimin e p\u00ebrs\u00ebritur dhe \u00ebsht\u00eb i p\u00ebrshtatsh\u00ebm p\u00ebr t&#8217;u p\u00ebrdorur.<\/p>\n<p>Njoftimi i dyfisht\u00eb i ziles dhe dridhjes, asnj\u00ebher\u00eb nuk do harroni nj\u00eb telefonat\u00eb t\u00eb r\u00ebnd\u00ebsishme<\/p>\n<p>Urdhri i thirrjes hyr\u00ebse t\u00eb dyfisht\u00eb ju lejon t\u00eb ndjeni thirrjen hyr\u00ebse p\u00ebrmes dridhjes edhe n\u00ebse kufja nuk \u00ebsht\u00eb e veshur.<\/p>\n<p>E krijuar me kap\u00ebse metalike, mund t\u00eb kapet n\u00eb lidh\u00ebse, rroba, \u00e7anta shpine dhe k\u00ebshtu me radh\u00eb pa u shqet\u00ebsuar p\u00ebr humbjen e saj.<\/p>\n","protected":false},"excerpt":{"rendered":"<p>Kufje Teke Baseus<\/p>\n<ul>\n<li>Me nj\u00eb Klip t\u00eb Leht\u00eb<\/li>\n<li>Nj\u00eb telefonat\u00eb hyr\u00ebse<\/li>\n<li>Versioni V5.0<\/li>\n<li>Distanca e komunikimit 10m<\/li>\n<li>Modeli A06<\/li>\n<li>Materiali ABS + TPE<\/li>\n<li>Kapaciteti i bateris\u00eb 120mAh \/ 3.7V<\/li>\n<li>Gama e p\u00ebrgjigjes s\u00eb frekuenc\u00ebs 20Hz-20KHz<\/li>\n<li>Koha e muzik\u00ebs 10 or\u00eb (70% e v\u00ebllimit)<\/li>\n<li>Koha e tarifimit 1,5 or\u00eb<\/li>\n<li>Nd\u00ebrfaqja e karikimit Mikro-USB<\/li>\n<\/ul>\n","protected":false},"featured_media":7989,"template":"","meta":[],"product_brand":[],"product_cat":[36,24,41],"product_tag":[],"class_list":{"0":"post-7941","1":"product","2":"type-product","3":"status-publish","4":"has-post-thumbnail","6":"product_cat-aksesore","7":"product_cat-elektronike","8":"product_cat-kufje","9":"description-off","11":"first","12":"instock","13":"shipping-taxable","14":"purchasable","15":"product-type-simple"},"_links":{"self":[{"href":"https:\/\/bigshop.al\/index.php\/wp-json\/wp\/v2\/product\/7941","targetHints":{"allow":["GET"]}}],"collection":[{"href":"https:\/\/bigshop.al\/index.php\/wp-json\/wp\/v2\/product"}],"about":[{"href":"https:\/\/bigshop.al\/index.php\/wp-json\/wp\/v2\/types\/product"}],"wp:featuredmedia":[{"embeddable":true,"href":"https:\/\/bigshop.al\/index.php\/wp-json\/wp\/v2\/media\/7989"}],"wp:attachment":[{"href":"https:\/\/bigshop.al\/index.php\/wp-json\/wp\/v2\/media?parent=7941"}],"wp:term":[{"taxonomy":"product_brand","embeddable":true,"href":"https:\/\/bigshop.al\/index.php\/wp-json\/wp\/v2\/product_brand?post=7941"},{"taxonomy":"product_cat","embeddable":true,"href":"https:\/\/bigshop.al\/index.php\/wp-json\/wp\/v2\/product_cat?post=7941"},{"taxonomy":"product_tag","embeddable":true,"href":"https:\/\/bigshop.al\/index.php\/wp-json\/wp\/v2\/product_tag?post=7941"}],"curies":[{"name":"wp","href":"https:\/\/api.w.org\/{rel}","templated":true}]}}